{"id":2,"date":"2016-11-10T21:03:54","date_gmt":"2016-11-10T20:03:54","guid":{"rendered":"http:\/\/bjjheidelberg.de\/?page_id=2"},"modified":"2026-01-26T20:50:03","modified_gmt":"2026-01-26T19:50:03","slug":"beispiel-seite","status":"publish","type":"page","link":"https:\/\/bjjheidelberg.de\/","title":{"rendered":"Brazilian Jiu Jitsu in Heidelberg"},"content":{"rendered":"\n<hr class=\"wp-block-separator has-alpha-channel-opacity\"\/>\n\n\n\n<figure class=\"wp-block-image size-large\"><img loading=\"lazy\" decoding=\"async\" width=\"1024\" height=\"1020\" src=\"https:\/\/bjjheidelberg.de\/wp-content\/uploads\/2026\/01\/teens-1024x1020.jpg\" alt=\"\" class=\"wp-image-852\" srcset=\"https:\/\/bjjheidelberg.de\/wp-content\/uploads\/2026\/01\/teens-1024x1020.jpg 1024w, https:\/\/bjjheidelberg.de\/wp-content\/uploads\/2026\/01\/teens-300x300.jpg 300w, https:\/\/bjjheidelberg.de\/wp-content\/uploads\/2026\/01\/teens-150x150.jpg 150w, https:\/\/bjjheidelberg.de\/wp-content\/uploads\/2026\/01\/teens-768x765.jpg 768w, https:\/\/bjjheidelberg.de\/wp-content\/uploads\/2026\/01\/teens.jpg 1128w\" sizes=\"auto, (max-width: 1024px) 100vw, 1024px\" \/><\/figure>\n\n\n\n<p>2026 geht unser Teenager BJJ Angebot weiter! 4 Wochen Schnuppertraining f\u00fcr alle Teens zwischen 12-16 Jahren. Kein Risiko f\u00fcr Eltern, kein langer Vertrag. <\/p>\n\n\n\n<p>Die Teens trainieren am Dienstag um 17:30 Uhr bei uns im Dojo, M\u00fchltalstr. 38 in Handschuhsheim. Du brauchst Sportkleidung, etwas zu Trinken und Badelatschen. Wenn du schon einen Gi hast, dann bring diesen auf jeden Fall mit. F\u00fcr mehr Infos und R\u00fcckfragen sende uns eine E-Mail: <a href=\"mailto:training@bjjheidelberg.de\">training@bjjheidelberg.de<\/a><\/p>\n\n\n\n<h2 class=\"wp-block-heading\">Aktiver Trainingsbetrieb<\/h2>\n\n\n\n<p>Das BJJ-Training im Heidelberger Judoclub e.V. findet aktuell montags von 18:45 &#8211; 20:15 Uhr, dienstags von 17:30 &#8211; 19:00 Uhr, mittwochs von 18:00 &#8211; 19:30 Uhr und donnerstags von 18:00 Uhr &#8211; 19:30 Uhr statt. Die Klassen am Dienstag und Donnerstag sind Basics-Klassen und am besten f\u00fcr Neueinsteiger geeignet. Am Sonntag gibt es von 11:00 &#8211; 13:00 Uhr eine offene Mattenzeit f\u00fcr alle Vereinsmitglieder.<\/p>\n\n\n\n<p>tldr;<br>MO 18:45 &#8211; 20:15<br>DI 17:30 &#8211; 19:00 (Teens Jiu Jitsu 12-16 Jahre)<br>MI 18:00 &#8211; 19:30<br>DO 18:00 &#8211; 19:30 (basics)<br>SO 11:00 &#8211; 13:00 (open mat f\u00fcr Vereinsmitglieder, keine Instruktion)<\/p>\n\n\n\n<p>Wir trainieren ausschlie\u00dflich im Gi. <\/p>\n\n\n\n<figure class=\"wp-block-gallery has-nested-images columns-default is-cropped wp-block-gallery-1 is-layout-flex wp-block-gallery-is-layout-flex\">\n<figure class=\"wp-block-image size-large\"><img loading=\"lazy\" decoding=\"async\" width=\"1024\" height=\"768\" data-id=\"762\" src=\"https:\/\/bjjheidelberg.de\/wp-content\/uploads\/2024\/02\/IMG_3617-1024x768.jpeg\" alt=\"\" class=\"wp-image-762\" srcset=\"https:\/\/bjjheidelberg.de\/wp-content\/uploads\/2024\/02\/IMG_3617-1024x768.jpeg 1024w, https:\/\/bjjheidelberg.de\/wp-content\/uploads\/2024\/02\/IMG_3617-300x225.jpeg 300w, https:\/\/bjjheidelberg.de\/wp-content\/uploads\/2024\/02\/IMG_3617-768x576.jpeg 768w, https:\/\/bjjheidelberg.de\/wp-content\/uploads\/2024\/02\/IMG_3617-1536x1152.jpeg 1536w, https:\/\/bjjheidelberg.de\/wp-content\/uploads\/2024\/02\/IMG_3617-2048x1536.jpeg 2048w\" sizes=\"auto, (max-width: 1024px) 100vw, 1024px\" \/><\/figure>\n\n\n\n<figure class=\"wp-block-image size-large\"><a href=\"https:\/\/bjjheidelberg.de\/wp-content\/uploads\/2025\/01\/photo_5424643287005916153_w.jpg\" target=\"_blank\"><img loading=\"lazy\" decoding=\"async\" width=\"682\" height=\"1024\" data-id=\"817\" src=\"https:\/\/bjjheidelberg.de\/wp-content\/uploads\/2025\/01\/photo_5424643287005916153_w-682x1024.jpg\" alt=\"\" class=\"wp-image-817\" srcset=\"https:\/\/bjjheidelberg.de\/wp-content\/uploads\/2025\/01\/photo_5424643287005916153_w-682x1024.jpg 682w, https:\/\/bjjheidelberg.de\/wp-content\/uploads\/2025\/01\/photo_5424643287005916153_w-200x300.jpg 200w, https:\/\/bjjheidelberg.de\/wp-content\/uploads\/2025\/01\/photo_5424643287005916153_w-768x1152.jpg 768w, https:\/\/bjjheidelberg.de\/wp-content\/uploads\/2025\/01\/photo_5424643287005916153_w-1024x1536.jpg 1024w, https:\/\/bjjheidelberg.de\/wp-content\/uploads\/2025\/01\/photo_5424643287005916153_w-1365x2048.jpg 1365w, https:\/\/bjjheidelberg.de\/wp-content\/uploads\/2025\/01\/photo_5424643287005916153_w.jpg 1706w\" sizes=\"auto, (max-width: 682px) 100vw, 682px\" \/><\/a><\/figure>\n\n\n\n<figure class=\"wp-block-image size-large\"><a href=\"https:\/\/bjjheidelberg.de\/wp-content\/uploads\/2025\/01\/photo_5424643287005915926_w.jpg\" target=\"_blank\"><img loading=\"lazy\" decoding=\"async\" width=\"1024\" height=\"682\" data-id=\"814\" src=\"https:\/\/bjjheidelberg.de\/wp-content\/uploads\/2025\/01\/photo_5424643287005915926_w-1024x682.jpg\" alt=\"\" class=\"wp-image-814\" srcset=\"https:\/\/bjjheidelberg.de\/wp-content\/uploads\/2025\/01\/photo_5424643287005915926_w-1024x682.jpg 1024w, https:\/\/bjjheidelberg.de\/wp-content\/uploads\/2025\/01\/photo_5424643287005915926_w-300x200.jpg 300w, https:\/\/bjjheidelberg.de\/wp-content\/uploads\/2025\/01\/photo_5424643287005915926_w-768x512.jpg 768w, https:\/\/bjjheidelberg.de\/wp-content\/uploads\/2025\/01\/photo_5424643287005915926_w-1536x1024.jpg 1536w, https:\/\/bjjheidelberg.de\/wp-content\/uploads\/2025\/01\/photo_5424643287005915926_w-2048x1365.jpg 2048w\" sizes=\"auto, (max-width: 1024px) 100vw, 1024px\" \/><\/a><\/figure>\n\n\n\n<figure class=\"wp-block-image size-large\"><a href=\"https:\/\/bjjheidelberg.de\/wp-content\/uploads\/2022\/05\/IMG_1576-scaled.jpg\" target=\"_blank\" rel=\"noopener\"><img loading=\"lazy\" decoding=\"async\" width=\"1024\" height=\"683\" data-id=\"649\" src=\"https:\/\/bjjheidelberg.de\/wp-content\/uploads\/2022\/05\/IMG_1576-1024x683.jpg\" alt=\"\" class=\"wp-image-649\" srcset=\"https:\/\/bjjheidelberg.de\/wp-content\/uploads\/2022\/05\/IMG_1576-1024x683.jpg 1024w, https:\/\/bjjheidelberg.de\/wp-content\/uploads\/2022\/05\/IMG_1576-300x200.jpg 300w, https:\/\/bjjheidelberg.de\/wp-content\/uploads\/2022\/05\/IMG_1576-768x512.jpg 768w, https:\/\/bjjheidelberg.de\/wp-content\/uploads\/2022\/05\/IMG_1576-1536x1024.jpg 1536w, https:\/\/bjjheidelberg.de\/wp-content\/uploads\/2022\/05\/IMG_1576-2048x1365.jpg 2048w, https:\/\/bjjheidelberg.de\/wp-content\/uploads\/2022\/05\/IMG_1576-1568x1045.jpg 1568w\" sizes=\"auto, (max-width: 1024px) 100vw, 1024px\" \/><\/a><\/figure>\n\n\n\n<figure class=\"wp-block-image size-large\"><a href=\"https:\/\/bjjheidelberg.de\/wp-content\/uploads\/2022\/05\/IMG_1713-scaled.jpg\" target=\"_blank\" rel=\"noopener\"><img loading=\"lazy\" decoding=\"async\" width=\"683\" height=\"1024\" data-id=\"648\" src=\"https:\/\/bjjheidelberg.de\/wp-content\/uploads\/2022\/05\/IMG_1713-683x1024.jpg\" alt=\"\" class=\"wp-image-648\" srcset=\"https:\/\/bjjheidelberg.de\/wp-content\/uploads\/2022\/05\/IMG_1713-683x1024.jpg 683w, https:\/\/bjjheidelberg.de\/wp-content\/uploads\/2022\/05\/IMG_1713-200x300.jpg 200w, https:\/\/bjjheidelberg.de\/wp-content\/uploads\/2022\/05\/IMG_1713-768x1152.jpg 768w, https:\/\/bjjheidelberg.de\/wp-content\/uploads\/2022\/05\/IMG_1713-1024x1536.jpg 1024w, https:\/\/bjjheidelberg.de\/wp-content\/uploads\/2022\/05\/IMG_1713-1365x2048.jpg 1365w, https:\/\/bjjheidelberg.de\/wp-content\/uploads\/2022\/05\/IMG_1713-1568x2352.jpg 1568w, https:\/\/bjjheidelberg.de\/wp-content\/uploads\/2022\/05\/IMG_1713-scaled.jpg 1707w\" sizes=\"auto, (max-width: 683px) 100vw, 683px\" \/><\/a><\/figure>\n\n\n\n<figure class=\"wp-block-image size-large\"><a href=\"https:\/\/bjjheidelberg.de\/wp-content\/uploads\/2024\/02\/IMG_3614-scaled.jpeg\" target=\"_blank\" rel=\"noopener\"><img loading=\"lazy\" decoding=\"async\" width=\"1024\" height=\"768\" data-id=\"763\" src=\"https:\/\/bjjheidelberg.de\/wp-content\/uploads\/2024\/02\/IMG_3614-1024x768.jpeg\" alt=\"\" class=\"wp-image-763\" srcset=\"https:\/\/bjjheidelberg.de\/wp-content\/uploads\/2024\/02\/IMG_3614-1024x768.jpeg 1024w, https:\/\/bjjheidelberg.de\/wp-content\/uploads\/2024\/02\/IMG_3614-300x225.jpeg 300w, https:\/\/bjjheidelberg.de\/wp-content\/uploads\/2024\/02\/IMG_3614-768x576.jpeg 768w, https:\/\/bjjheidelberg.de\/wp-content\/uploads\/2024\/02\/IMG_3614-1536x1152.jpeg 1536w, https:\/\/bjjheidelberg.de\/wp-content\/uploads\/2024\/02\/IMG_3614-2048x1536.jpeg 2048w\" sizes=\"auto, (max-width: 1024px) 100vw, 1024px\" \/><\/a><\/figure>\n\n\n\n<figure class=\"wp-block-image size-large\"><a href=\"https:\/\/bjjheidelberg.de\/wp-content\/uploads\/2022\/05\/R0002115-scaled.jpg\" target=\"_blank\" rel=\"noopener\"><img loading=\"lazy\" decoding=\"async\" width=\"1024\" height=\"683\" data-id=\"653\" src=\"https:\/\/bjjheidelberg.de\/wp-content\/uploads\/2022\/05\/R0002115-1024x683.jpg\" alt=\"\" class=\"wp-image-653\" srcset=\"https:\/\/bjjheidelberg.de\/wp-content\/uploads\/2022\/05\/R0002115-1024x683.jpg 1024w, https:\/\/bjjheidelberg.de\/wp-content\/uploads\/2022\/05\/R0002115-300x200.jpg 300w, https:\/\/bjjheidelberg.de\/wp-content\/uploads\/2022\/05\/R0002115-768x512.jpg 768w, https:\/\/bjjheidelberg.de\/wp-content\/uploads\/2022\/05\/R0002115-1536x1024.jpg 1536w, https:\/\/bjjheidelberg.de\/wp-content\/uploads\/2022\/05\/R0002115-2048x1365.jpg 2048w, https:\/\/bjjheidelberg.de\/wp-content\/uploads\/2022\/05\/R0002115-1568x1045.jpg 1568w\" sizes=\"auto, (max-width: 1024px) 100vw, 1024px\" \/><\/a><\/figure>\n\n\n\n<figure class=\"wp-block-image size-large\"><a href=\"https:\/\/bjjheidelberg.de\/wp-content\/uploads\/2024\/02\/IMG_3611-scaled.jpeg\" target=\"_blank\" rel=\"noopener\"><img loading=\"lazy\" decoding=\"async\" width=\"1024\" height=\"768\" data-id=\"765\" src=\"https:\/\/bjjheidelberg.de\/wp-content\/uploads\/2024\/02\/IMG_3611-1024x768.jpeg\" alt=\"\" class=\"wp-image-765\" srcset=\"https:\/\/bjjheidelberg.de\/wp-content\/uploads\/2024\/02\/IMG_3611-1024x768.jpeg 1024w, https:\/\/bjjheidelberg.de\/wp-content\/uploads\/2024\/02\/IMG_3611-300x225.jpeg 300w, https:\/\/bjjheidelberg.de\/wp-content\/uploads\/2024\/02\/IMG_3611-768x576.jpeg 768w, https:\/\/bjjheidelberg.de\/wp-content\/uploads\/2024\/02\/IMG_3611-1536x1152.jpeg 1536w, https:\/\/bjjheidelberg.de\/wp-content\/uploads\/2024\/02\/IMG_3611-2048x1536.jpeg 2048w\" sizes=\"auto, (max-width: 1024px) 100vw, 1024px\" \/><\/a><\/figure>\n\n\n\n<figure class=\"wp-block-image size-large\"><a href=\"https:\/\/bjjheidelberg.de\/wp-content\/uploads\/2022\/05\/IMG_3749.jpg\" target=\"_blank\" rel=\"noopener\"><img loading=\"lazy\" decoding=\"async\" width=\"1000\" height=\"696\" data-id=\"658\" src=\"https:\/\/bjjheidelberg.de\/wp-content\/uploads\/2022\/05\/IMG_3749.jpg\" alt=\"\" class=\"wp-image-658\" srcset=\"https:\/\/bjjheidelberg.de\/wp-content\/uploads\/2022\/05\/IMG_3749.jpg 1000w, https:\/\/bjjheidelberg.de\/wp-content\/uploads\/2022\/05\/IMG_3749-300x209.jpg 300w, https:\/\/bjjheidelberg.de\/wp-content\/uploads\/2022\/05\/IMG_3749-768x535.jpg 768w\" sizes=\"auto, (max-width: 1000px) 100vw, 1000px\" \/><\/a><\/figure>\n\n\n\n<figure class=\"wp-block-image size-large\"><a href=\"https:\/\/bjjheidelberg.de\/wp-content\/uploads\/2022\/05\/IMG_1990.jpg\" target=\"_blank\" rel=\"noopener\"><img loading=\"lazy\" decoding=\"async\" width=\"768\" height=\"1024\" data-id=\"659\" src=\"https:\/\/bjjheidelberg.de\/wp-content\/uploads\/2022\/05\/IMG_1990-768x1024.jpg\" alt=\"\" class=\"wp-image-659\" srcset=\"https:\/\/bjjheidelberg.de\/wp-content\/uploads\/2022\/05\/IMG_1990-768x1024.jpg 768w, https:\/\/bjjheidelberg.de\/wp-content\/uploads\/2022\/05\/IMG_1990-225x300.jpg 225w, https:\/\/bjjheidelberg.de\/wp-content\/uploads\/2022\/05\/IMG_1990.jpg 1000w\" sizes=\"auto, (max-width: 768px) 100vw, 768px\" \/><\/a><\/figure>\n\n\n\n<figure class=\"wp-block-image size-large\"><img loading=\"lazy\" decoding=\"async\" width=\"768\" height=\"1024\" data-id=\"847\" src=\"https:\/\/bjjheidelberg.de\/wp-content\/uploads\/2026\/01\/photo_5399921146016242818_y-768x1024.jpg\" alt=\"\" class=\"wp-image-847\" srcset=\"https:\/\/bjjheidelberg.de\/wp-content\/uploads\/2026\/01\/photo_5399921146016242818_y-768x1024.jpg 768w, https:\/\/bjjheidelberg.de\/wp-content\/uploads\/2026\/01\/photo_5399921146016242818_y-225x300.jpg 225w, https:\/\/bjjheidelberg.de\/wp-content\/uploads\/2026\/01\/photo_5399921146016242818_y.jpg 960w\" sizes=\"auto, (max-width: 768px) 100vw, 768px\" \/><\/figure>\n\n\n\n<figure class=\"wp-block-image size-large\"><img loading=\"lazy\" decoding=\"async\" width=\"683\" height=\"1024\" data-id=\"687\" src=\"https:\/\/bjjheidelberg.de\/wp-content\/uploads\/2023\/08\/L1002117-683x1024.jpg\" alt=\"\" class=\"wp-image-687\" srcset=\"https:\/\/bjjheidelberg.de\/wp-content\/uploads\/2023\/08\/L1002117-683x1024.jpg 683w, https:\/\/bjjheidelberg.de\/wp-content\/uploads\/2023\/08\/L1002117-200x300.jpg 200w, https:\/\/bjjheidelberg.de\/wp-content\/uploads\/2023\/08\/L1002117-768x1151.jpg 768w, https:\/\/bjjheidelberg.de\/wp-content\/uploads\/2023\/08\/L1002117-1025x1536.jpg 1025w, https:\/\/bjjheidelberg.de\/wp-content\/uploads\/2023\/08\/L1002117.jpg 1281w\" sizes=\"auto, (max-width: 683px) 100vw, 683px\" \/><\/figure>\n\n\n\n<figure class=\"wp-block-image size-large\"><img loading=\"lazy\" decoding=\"async\" width=\"1024\" height=\"768\" data-id=\"766\" src=\"https:\/\/bjjheidelberg.de\/wp-content\/uploads\/2024\/02\/IMG_3185-1024x768.jpeg\" alt=\"\" class=\"wp-image-766\" srcset=\"https:\/\/bjjheidelberg.de\/wp-content\/uploads\/2024\/02\/IMG_3185-1024x768.jpeg 1024w, https:\/\/bjjheidelberg.de\/wp-content\/uploads\/2024\/02\/IMG_3185-300x225.jpeg 300w, https:\/\/bjjheidelberg.de\/wp-content\/uploads\/2024\/02\/IMG_3185-768x576.jpeg 768w, https:\/\/bjjheidelberg.de\/wp-content\/uploads\/2024\/02\/IMG_3185-1536x1152.jpeg 1536w, https:\/\/bjjheidelberg.de\/wp-content\/uploads\/2024\/02\/IMG_3185-2048x1536.jpeg 2048w\" sizes=\"auto, (max-width: 1024px) 100vw, 1024px\" \/><\/figure>\n\n\n\n<figure class=\"wp-block-image size-large\"><img loading=\"lazy\" decoding=\"async\" width=\"658\" height=\"1024\" data-id=\"688\" src=\"https:\/\/bjjheidelberg.de\/wp-content\/uploads\/2023\/08\/L1002114-658x1024.jpg\" alt=\"\" class=\"wp-image-688\" srcset=\"https:\/\/bjjheidelberg.de\/wp-content\/uploads\/2023\/08\/L1002114-658x1024.jpg 658w, https:\/\/bjjheidelberg.de\/wp-content\/uploads\/2023\/08\/L1002114-193x300.jpg 193w, https:\/\/bjjheidelberg.de\/wp-content\/uploads\/2023\/08\/L1002114-768x1196.jpg 768w, https:\/\/bjjheidelberg.de\/wp-content\/uploads\/2023\/08\/L1002114-986x1536.jpg 986w, https:\/\/bjjheidelberg.de\/wp-content\/uploads\/2023\/08\/L1002114.jpg 1233w\" sizes=\"auto, (max-width: 658px) 100vw, 658px\" \/><\/figure>\n\n\n\n<figure class=\"wp-block-image size-large\"><img loading=\"lazy\" decoding=\"async\" width=\"1024\" height=\"908\" data-id=\"767\" src=\"https:\/\/bjjheidelberg.de\/wp-content\/uploads\/2024\/02\/IMG_3177-1024x908.jpeg\" alt=\"\" class=\"wp-image-767\" srcset=\"https:\/\/bjjheidelberg.de\/wp-content\/uploads\/2024\/02\/IMG_3177-1024x908.jpeg 1024w, https:\/\/bjjheidelberg.de\/wp-content\/uploads\/2024\/02\/IMG_3177-300x266.jpeg 300w, https:\/\/bjjheidelberg.de\/wp-content\/uploads\/2024\/02\/IMG_3177-768x681.jpeg 768w, https:\/\/bjjheidelberg.de\/wp-content\/uploads\/2024\/02\/IMG_3177-1536x1362.jpeg 1536w, https:\/\/bjjheidelberg.de\/wp-content\/uploads\/2024\/02\/IMG_3177-2048x1816.jpeg 2048w\" sizes=\"auto, (max-width: 1024px) 100vw, 1024px\" \/><\/figure>\n\n\n\n<figure class=\"wp-block-image size-large\"><a href=\"https:\/\/bjjheidelberg.de\/wp-content\/uploads\/2025\/01\/photo_5424643287005916004_w.jpg\" target=\"_blank\"><img loading=\"lazy\" decoding=\"async\" width=\"682\" height=\"1024\" data-id=\"815\" src=\"https:\/\/bjjheidelberg.de\/wp-content\/uploads\/2025\/01\/photo_5424643287005916004_w-682x1024.jpg\" alt=\"\" class=\"wp-image-815\" srcset=\"https:\/\/bjjheidelberg.de\/wp-content\/uploads\/2025\/01\/photo_5424643287005916004_w-682x1024.jpg 682w, https:\/\/bjjheidelberg.de\/wp-content\/uploads\/2025\/01\/photo_5424643287005916004_w-200x300.jpg 200w, https:\/\/bjjheidelberg.de\/wp-content\/uploads\/2025\/01\/photo_5424643287005916004_w-768x1152.jpg 768w, https:\/\/bjjheidelberg.de\/wp-content\/uploads\/2025\/01\/photo_5424643287005916004_w-1024x1536.jpg 1024w, https:\/\/bjjheidelberg.de\/wp-content\/uploads\/2025\/01\/photo_5424643287005916004_w-1365x2048.jpg 1365w, https:\/\/bjjheidelberg.de\/wp-content\/uploads\/2025\/01\/photo_5424643287005916004_w.jpg 1706w\" sizes=\"auto, (max-width: 682px) 100vw, 682px\" \/><\/a><\/figure>\n\n\n\n<figure class=\"wp-block-image size-large\"><a href=\"https:\/\/bjjheidelberg.de\/wp-content\/uploads\/2026\/01\/IMG_0742-scaled.jpg\" target=\"_blank\"><img loading=\"lazy\" decoding=\"async\" width=\"768\" height=\"1024\" data-id=\"848\" src=\"https:\/\/bjjheidelberg.de\/wp-content\/uploads\/2026\/01\/IMG_0742-768x1024.jpg\" alt=\"\" class=\"wp-image-848\" srcset=\"https:\/\/bjjheidelberg.de\/wp-content\/uploads\/2026\/01\/IMG_0742-768x1024.jpg 768w, https:\/\/bjjheidelberg.de\/wp-content\/uploads\/2026\/01\/IMG_0742-225x300.jpg 225w, https:\/\/bjjheidelberg.de\/wp-content\/uploads\/2026\/01\/IMG_0742-1152x1536.jpg 1152w, https:\/\/bjjheidelberg.de\/wp-content\/uploads\/2026\/01\/IMG_0742-1536x2048.jpg 1536w, https:\/\/bjjheidelberg.de\/wp-content\/uploads\/2026\/01\/IMG_0742-scaled.jpg 1920w\" sizes=\"auto, (max-width: 768px) 100vw, 768px\" \/><\/a><\/figure>\n<\/figure>\n\n\n\n<h3 class=\"wp-block-heading\">Anschrift der Trainingsst\u00e4tte<\/h3>\n\n\n\n<p>Heidelberger Judo Club e.V.<br>M\u00fchltalstra\u00dfe 38<br>69121 Heidelberg<br><\/p>\n\n\n\n<p>Per Mail erreichst du uns unter <a href=\"mailto:training@bjjheidelberg.de\">training@bjjheidelberg.de<\/a>.<\/p>\n\n\n\n<h3 class=\"wp-block-heading\">Insta?<\/h3>\n\n\n\n<p>Unser Instagram Account: <a href=\"https:\/\/www.instagram.com\/bjj.heidelberg\/\">https:\/\/www.instagram.com\/bjj.heidelberg\/<\/a><\/p>\n\n\n\n<p><br> <\/p>\n\n\n\n<h3 class=\"wp-block-heading\">Im Folgenden einige h\u00e4ufig gestellte Fragen:<\/h3>\n\n\n\n<p><em>Ich habe noch nie Kampfsport gemacht, kann ich trotzdem kommen?<\/em><br> Ja, nat\u00fcrlich! Irgendwo musst du anfangen.<\/p>\n\n\n\n<p><em>Ich habe einen blauen\/pinken\/schwarzen G\u00fcrtel im Judo\/Ju Jutsu\/TKD\/KiBoTu &#8211; welchen habe ich dann im BJJ?<\/em><br>Wei\u00df. Zieh den bitte auch an, sofern du einen besitzt. Niemand wird dich  wegschicken, wenn du zum Schnuppertraining in deinem  blauen\/pinken\/schwarzen G\u00fcrtel kommst.<\/p>\n\n\n\n<p><em>Kann ich einen Gi anziehen, der nicht wei\u00df ist?<\/em><br>Ja klar. Die Farbe ist egal.<\/p>\n\n\n\n<p><em>Kann ich einen Gi anziehen, den ich noch vom Karate\/TKD\/Judo habe?<\/em><br>Yes!<\/p>\n\n\n\n<p><em>Ich habe keinen BJJ-G\u00fcrtel, Hilfe?<\/em><br>Wir haben ein paar wei\u00dfe G\u00fcrtel im Trainingsraum. Du kannst aber auch  einen regul\u00e4ren wei\u00dfen G\u00fcrtel (ohne schwarzen Streifen) anziehen.<\/p>\n\n\n\n<p><em>Wo muss ich fragen, ob ich kommen darf?<\/em><br>Das brauchst du nicht. Du kannst einfach ins Training kommen, &#8222;Hallo&#8220; sagen und mittrainieren. Wenn du dich trotzdem ank\u00fcndigen m\u00f6chtest,  sende eine Mail an <a href=\"mailto:training@bjjheidelberg.de\">training@bjjheidelberg.de<\/a>.<\/p>\n\n\n\n<p><em>Was brauche ich f\u00fcr das Training?<\/em><br>Einen Gi (Jacke und Hose), einen G\u00fcrtel und ein Paar Flip Flops\/Badelatschen, damit du nicht barfu\u00df von der Matte gehen musst.<\/p>\n\n\n\n<p><em>Kann ich einen Freund mitbringen?<\/em><br>Ja. Immer.<\/p>\n\n\n\n<p><em>Ich trainiere bei Team Dschingis Khan aus Pusemuckel, darf ich trotzdem bei euch mittrainieren?<\/em><br>Nat\u00fcrlich.<\/p>\n\n\n\n<p><em>Ich f\u00fchle mich nicht gut, f\u00fchlt sich an wie Grippe\/Fieber\/Ringerpilz, aber ich will unbedingt trainieren. Ist das ein Problem?<\/em><br> Ja, bleib bitte zu Hause bis du gesund bist. Teilen ist zwar toll, aber bei Krankheiten gilt das nicht.<\/p>\n\n\n\n<p><em>Kann man bei euch Spa\u00df haben?<\/em><br>Auf jeden Fall! <\/p>\n\n\n\n<p><em>Trainieren bei euch nur M\u00e4nner?<\/em><br>Nein, wir haben diverse Damen auf der Matte, die ebenfalls dem Sport fr\u00f6hnen.<\/p>\n\n\n\n<h3 class=\"wp-block-heading\">Bis bald auf der Matte.<\/h3>\n\n\n\n<figure class=\"wp-block-gallery has-nested-images columns-default is-cropped wp-block-gallery-2 is-layout-flex wp-block-gallery-is-layout-flex\">\n<figure class=\"wp-block-image size-large\"><img loading=\"lazy\" decoding=\"async\" width=\"768\" height=\"1024\" data-id=\"745\" src=\"https:\/\/bjjheidelberg.de\/wp-content\/uploads\/2023\/11\/IMG_2852-768x1024.jpg\" alt=\"\" class=\"wp-image-745\" srcset=\"https:\/\/bjjheidelberg.de\/wp-content\/uploads\/2023\/11\/IMG_2852-768x1024.jpg 768w, https:\/\/bjjheidelberg.de\/wp-content\/uploads\/2023\/11\/IMG_2852-225x300.jpg 225w, https:\/\/bjjheidelberg.de\/wp-content\/uploads\/2023\/11\/IMG_2852.jpg 960w\" sizes=\"auto, (max-width: 768px) 100vw, 768px\" \/><\/figure>\n\n\n\n<figure class=\"wp-block-image size-large\"><img loading=\"lazy\" decoding=\"async\" width=\"1024\" height=\"768\" data-id=\"747\" src=\"https:\/\/bjjheidelberg.de\/wp-content\/uploads\/2023\/11\/IMG_2851-1024x768.jpg\" alt=\"\" class=\"wp-image-747\" srcset=\"https:\/\/bjjheidelberg.de\/wp-content\/uploads\/2023\/11\/IMG_2851-1024x768.jpg 1024w, https:\/\/bjjheidelberg.de\/wp-content\/uploads\/2023\/11\/IMG_2851-300x225.jpg 300w, https:\/\/bjjheidelberg.de\/wp-content\/uploads\/2023\/11\/IMG_2851-768x576.jpg 768w, https:\/\/bjjheidelberg.de\/wp-content\/uploads\/2023\/11\/IMG_2851.jpg 1280w\" sizes=\"auto, (max-width: 1024px) 100vw, 1024px\" \/><\/figure>\n\n\n\n<figure class=\"wp-block-image size-large\"><img loading=\"lazy\" decoding=\"async\" width=\"768\" height=\"1024\" data-id=\"744\" src=\"https:\/\/bjjheidelberg.de\/wp-content\/uploads\/2023\/11\/IMG_2850-768x1024.jpg\" alt=\"\" class=\"wp-image-744\" srcset=\"https:\/\/bjjheidelberg.de\/wp-content\/uploads\/2023\/11\/IMG_2850-768x1024.jpg 768w, https:\/\/bjjheidelberg.de\/wp-content\/uploads\/2023\/11\/IMG_2850-225x300.jpg 225w, https:\/\/bjjheidelberg.de\/wp-content\/uploads\/2023\/11\/IMG_2850.jpg 960w\" sizes=\"auto, (max-width: 768px) 100vw, 768px\" \/><\/figure>\n\n\n\n<figure class=\"wp-block-image size-large\"><img loading=\"lazy\" decoding=\"async\" width=\"1024\" height=\"768\" data-id=\"746\" src=\"https:\/\/bjjheidelberg.de\/wp-content\/uploads\/2023\/11\/IMG_2849-1024x768.jpg\" alt=\"\" class=\"wp-image-746\" srcset=\"https:\/\/bjjheidelberg.de\/wp-content\/uploads\/2023\/11\/IMG_2849-1024x768.jpg 1024w, https:\/\/bjjheidelberg.de\/wp-content\/uploads\/2023\/11\/IMG_2849-300x225.jpg 300w, https:\/\/bjjheidelberg.de\/wp-content\/uploads\/2023\/11\/IMG_2849-768x576.jpg 768w, https:\/\/bjjheidelberg.de\/wp-content\/uploads\/2023\/11\/IMG_2849.jpg 1280w\" sizes=\"auto, (max-width: 1024px) 100vw, 1024px\" \/><\/figure>\n<\/figure>\n","protected":false},"excerpt":{"rendered":"<p>2026 geht unser Teenager BJJ Angebot weiter! 4 Wochen Schnuppertraining f\u00fcr alle Teens zwischen 12-16 Jahren. Kein Risiko f\u00fcr Eltern, kein langer Vertrag. Die Teens trainieren am Dienstag um 17:30 Uhr bei uns im Dojo, M\u00fchltalstr. 38 in Handschuhsheim. Du brauchst Sportkleidung, etwas zu Trinken und Badelatschen. Wenn du schon einen Gi hast, dann bring [&hellip;]<\/p>\n","protected":false},"author":1,"featured_media":673,"parent":0,"menu_order":0,"comment_status":"closed","ping_status":"open","template":"","meta":{"footnotes":""},"class_list":["post-2","page","type-page","status-publish","has-post-thumbnail","hentry"],"_links":{"self":[{"href":"https:\/\/bjjheidelberg.de\/index.php\/wp-json\/wp\/v2\/pages\/2","targetHints":{"allow":["GET"]}}],"collection":[{"href":"https:\/\/bjjheidelberg.de\/index.php\/wp-json\/wp\/v2\/pages"}],"about":[{"href":"https:\/\/bjjheidelberg.de\/index.php\/wp-json\/wp\/v2\/types\/page"}],"author":[{"embeddable":true,"href":"https:\/\/bjjheidelberg.de\/index.php\/wp-json\/wp\/v2\/users\/1"}],"replies":[{"embeddable":true,"href":"https:\/\/bjjheidelberg.de\/index.php\/wp-json\/wp\/v2\/comments?post=2"}],"version-history":[{"count":73,"href":"https:\/\/bjjheidelberg.de\/index.php\/wp-json\/wp\/v2\/pages\/2\/revisions"}],"predecessor-version":[{"id":859,"href":"https:\/\/bjjheidelberg.de\/index.php\/wp-json\/wp\/v2\/pages\/2\/revisions\/859"}],"wp:featuredmedia":[{"embeddable":true,"href":"https:\/\/bjjheidelberg.de\/index.php\/wp-json\/wp\/v2\/media\/673"}],"wp:attachment":[{"href":"https:\/\/bjjheidelberg.de\/index.php\/wp-json\/wp\/v2\/media?parent=2"}],"curies":[{"name":"wp","href":"https:\/\/api.w.org\/{rel}","templated":true}]}}