{"id":515,"date":"2018-05-21T18:49:52","date_gmt":"2018-05-21T16:49:52","guid":{"rendered":"http:\/\/bjjheidelberg.de\/?page_id=515"},"modified":"2024-03-05T22:18:37","modified_gmt":"2024-03-05T21:18:37","slug":"datenschutzerklaerung","status":"publish","type":"page","link":"https:\/\/bjjheidelberg.de\/index.php\/datenschutzerklaerung\/","title":{"rendered":"Impressum &#038; Datenschutzerkl\u00e4rung"},"content":{"rendered":"\n<p>Benjamin Schuster<br>Untere Eulenscheich 25<br>69151 Neckargem\u00fcnd<\/p>\n\n\n\n<p>info@bs-mediendesign.de<\/p>\n\n\n\n<p><\/p>\n\n\n\n<hr class=\"wp-block-separator has-css-opacity\"\/>\n\n\n\n<p><strong>Haftung f\u00fcr Inhalte<\/strong>    <\/p>\n\n\n\n<p>Die Inhalte unserer Seiten wurden mit gr\u00f6\u00dfter Sorgfalt erstellt.            F\u00fcr die Richtigkeit, Vollst\u00e4ndigkeit und Aktualit\u00e4t der Inhalte            k\u00f6nnen wir jedoch keine Gew\u00e4hr \u00fcbernehmen. Als Diensteanbieter sind wir gem\u00e4\u00df \u00a7 7 Abs.1 TMG f\u00fcr eigene Inhalte auf diesen Seiten nach den allgemeinen Gesetzen verantwortlich. Nach \u00a7\u00a7 8 bis 10 TMG sind wir als Diensteanbieter jedoch nicht verpflichtet, \u00fcbermittelte oder gespeicherte fremde Informationen zu \u00fcberwachen oder nach Umst\u00e4nden zu forschen, die auf eine rechtswidrige            T\u00e4tigkeit hinweisen. Verpflichtungen zur Entfernung oder Sperrung der            Nutzung von Informationen nach den allgemeinen Gesetzen bleiben hiervon            unber\u00fchrt. Eine diesbez\u00fcgliche Haftung ist jedoch erst ab dem            Zeitpunkt der Kenntnis einer konkreten Rechtsverletzung m\u00f6glich. Bei            Bekanntwerden von entsprechenden Rechtsverletzungen werden wir diese Inhalte            umgehend entfernen.<\/p>\n\n\n\n<p><strong>Haftung f\u00fcr Links<\/strong><\/p>\n\n\n\n<p>Unser Angebot enth\u00e4lt Links zu externen Webseiten Dritter, auf deren \n  Inhalte wir keinen Einfluss haben. Deshalb k\u00f6nnen wir f\u00fcr diese \n  fremden Inhalte auch keine Gew\u00e4hr \u00fcbernehmen. F\u00fcr die Inhalte \n  der verlinkten Seiten ist stets der jeweilige Anbieter oder Betreiber der \n  Seiten verantwortlich. Die verlinkten Seiten wurden zum Zeitpunkt der Verlinkung \n  auf m\u00f6gliche Rechtsverst\u00f6\u00dfe \u00fcberpr\u00fcft. Rechtswidrige \n  Inhalte waren zum Zeitpunkt der Verlinkung nicht erkennbar. Eine permanente \n  inhaltliche Kontrolle der verlinkten Seiten ist jedoch ohne konkrete Anhaltspunkte \n  einer Rechtsverletzung nicht zumutbar. Bei Bekanntwerden von Rechtsverletzungen \n  werden wir derartige Links umgehend entfernen.<\/p>\n\n\n\n<p><strong>Urheberrecht<\/strong>    <\/p>\n\n\n\n<p>Die durch die Seitenbetreiber erstellten Inhalte und Werke auf \ndiesen Seiten \n      unterliegen dem deutschen Urheberrecht. Die Vervielf\u00e4ltigung, \nBearbeitung, Verbreitung und \n      jede Art der Verwertung au\u00dferhalb der Grenzen des Urheberrechtes \nbed\u00fcrfen \n      der schriftlichen Zustimmung des jeweiligen Autors bzw. \nErstellers. Downloads \n      und Kopien dieser Seite sind nur f\u00fcr den privaten, nicht \nkommerziellen \n      Gebrauch gestattet. Soweit die Inhalte auf dieser Seite nicht vom \nBetreiber erstellt wurden, \n      werden die Urheberrechte Dritter beachtet. Insbesondere werden \nInhalte Dritter als solche \n      gekennzeichnet. Sollten Sie trotzdem auf eine \nUrheberrechtsverletzung aufmerksam werden, bitten wir um einen \nentsprechenden Hinweis. \n      Bei Bekanntwerden von Rechtsverletzungen werden wir derartige \nInhalte umgehend entfernen.<\/p>\n\n\n\n<p><strong>Datenschutz<\/strong><\/p>\n\n\n\n<p>Die Nutzung unserer Webseite ist in der Regel ohne Angabe \npersonenbezogener Daten m\u00f6glich. Soweit auf unseren Seiten \npersonenbezogene Daten (beispielsweise Name, \n      Anschrift oder eMail-Adressen) erhoben werden, erfolgt dies, \nsoweit m\u00f6glich, stets auf freiwilliger Basis. Diese Daten werden ohne \nIhre ausdr\u00fcckliche Zustimmung nicht an Dritte weitergegeben. <\/p>\n\n\n\n<p>Wir weisen darauf hin, dass die Daten\u00fcbertragung im Internet (z.B. \n      bei der Kommunikation per E-Mail) Sicherheitsl\u00fccken aufweisen kann. \n      Ein l\u00fcckenloser Schutz der Daten vor dem Zugriff durch Dritte ist nicht \n      m\u00f6glich. <\/p>\n\n\n\n<p>Der Nutzung von im Rahmen der Impressumspflicht ver\u00f6ffentlichten Kontaktdaten \n      durch Dritte zur \u00dcbersendung von nicht ausdr\u00fccklich angeforderter \n      Werbung und Informationsmaterialien wird hiermit ausdr\u00fccklich widersprochen. \n      Die Betreiber der Seiten behalten sich ausdr\u00fccklich rechtliche Schritte \n      im Falle der unverlangten Zusendung von Werbeinformationen, etwa durch Spam-Mails, \n      vor.<br><\/p>\n\n\n\n<p>Quelle: <a rel=\"noreferrer noopener\" href=\"http:\/\/www.e-recht24.de\" target=\"_blank\">eRecht24<\/a> Portal zum Internetrecht von Rec<\/p>\n","protected":false},"excerpt":{"rendered":"<p>Benjamin SchusterUntere Eulenscheich 2569151 Neckargem\u00fcnd info@bs-mediendesign.de Haftung f\u00fcr Inhalte Die Inhalte unserer Seiten wurden mit gr\u00f6\u00dfter Sorgfalt erstellt. F\u00fcr die Richtigkeit, Vollst\u00e4ndigkeit und Aktualit\u00e4t der Inhalte k\u00f6nnen wir jedoch keine Gew\u00e4hr \u00fcbernehmen. Als Diensteanbieter sind wir gem\u00e4\u00df \u00a7 7 Abs.1 TMG f\u00fcr eigene Inhalte auf diesen Seiten nach den allgemeinen Gesetzen verantwortlich. Nach \u00a7\u00a7 8 [&hellip;]<\/p>\n","protected":false},"author":1,"featured_media":0,"parent":0,"menu_order":0,"comment_status":"closed","ping_status":"closed","template":"","meta":{"footnotes":""},"class_list":["post-515","page","type-page","status-publish","hentry"],"_links":{"self":[{"href":"https:\/\/bjjheidelberg.de\/index.php\/wp-json\/wp\/v2\/pages\/515","targetHints":{"allow":["GET"]}}],"collection":[{"href":"https:\/\/bjjheidelberg.de\/index.php\/wp-json\/wp\/v2\/pages"}],"about":[{"href":"https:\/\/bjjheidelberg.de\/index.php\/wp-json\/wp\/v2\/types\/page"}],"author":[{"embeddable":true,"href":"https:\/\/bjjheidelberg.de\/index.php\/wp-json\/wp\/v2\/users\/1"}],"replies":[{"embeddable":true,"href":"https:\/\/bjjheidelberg.de\/index.php\/wp-json\/wp\/v2\/comments?post=515"}],"version-history":[{"count":5,"href":"https:\/\/bjjheidelberg.de\/index.php\/wp-json\/wp\/v2\/pages\/515\/revisions"}],"predecessor-version":[{"id":778,"href":"https:\/\/bjjheidelberg.de\/index.php\/wp-json\/wp\/v2\/pages\/515\/revisions\/778"}],"wp:attachment":[{"href":"https:\/\/bjjheidelberg.de\/index.php\/wp-json\/wp\/v2\/media?parent=515"}],"curies":[{"name":"wp","href":"https:\/\/api.w.org\/{rel}","templated":true}]}}